{"id":175,"date":"2013-06-01T21:21:57","date_gmt":"2013-06-01T19:21:57","guid":{"rendered":"http:\/\/www.hovawart-freunde.de\/wordpress\/?page_id=175"},"modified":"2026-01-09T14:09:58","modified_gmt":"2026-01-09T13:09:58","slug":"startseite","status":"publish","type":"page","link":"https:\/\/www.hovawart-freunde.de\/","title":{"rendered":"Startseite"},"content":{"rendered":"\n<p><\/p>\n\n\n\n<p><\/p>\n\n\n\n<p><\/p>\n\n\n\n<p><\/p>\n\n\n\n<p><\/p>\n\n\n\n<p><\/p>\n\n\n\n<p><\/p>\n\n\n\n<p><\/p>\n\n\n\n<p><\/p>\n\n\n\n<h4>Herzlich Willkommen bei unserem Verein der Hovawart-Freunde Rhein Main und viel Spa\u00df beim St\u00f6bern auf unserer Internetseite! Es gibt hier viel zu entdecken rund um die begeisternde Hunderasse Hovawart.<\/h4>\n<p>\u00a0<\/p>\n<h4>Angefangen von der Geschichte und Rassebeschreibung bis zur Bildergalerie, die Hund und Mensch in Aktion zeigt und einen Eindruck von unserem engagierten, fr\u00f6hlichen Vereinsleben vermittelt.<\/h4>\n<p>\u00a0<\/p>\n<h4>Unter der Rubrik \u201e\u00dcBER UNS \u2013 unser \u00dcbungsbetrieb\u201c finden Sie eine \u00dcbersicht unseres umfangreichen Wochenprogramms, au\u00dferdem informieren wir hier \u00fcber aktuell anstehende TERMINE.<\/h4>\n<p>\u00a0<\/p>\n<h4>Ansprechpartner finden Sie unter \u201e\u00dcBER UNS \u2013 Vorstand\u201c. Wir stecken Sie gerne mit unserer Begeisterung f\u00fcr den Hovawart an und beantworten alle Fragen zur Auswahl eines Hundes, zur Aufzucht und zur Ausbildung.<\/h4>\n<p>\u00a0<\/p>\n<h4>M\u00f6chten Sie uns auf Hoviland in Babenhausen besuchen und sich einen Eindruck \u201elive und in Farbe\u201c machen, so finden Sie die Anfahrtsbeschreibung ebenfalls auf unserer Internetseite. Wir bitten um eine kurze Voranmeldung, am besten per E-Mail an\u00a0<a href=\"mailto:elditt@gmx.de\">elditt@gmx.de<\/a>.\u00a0<\/h4>\n<p>\u00a0<\/p>\n","protected":false},"excerpt":{"rendered":"<p>Herzlich Willkommen bei unserem Verein der Hovawart-Freunde Rhein Main und viel Spa\u00df beim St\u00f6bern auf unserer Internetseite! Es gibt hier viel zu entdecken rund um die begeisternde Hunderasse Hovawart. \u00a0 Angefangen von der Geschichte und Rassebeschreibung bis zur Bildergalerie, die Hund und Mensch in Aktion zeigt und einen Eindruck von unserem engagierten, fr\u00f6hlichen Vereinsleben vermittelt. [&hellip;]<\/p>\n","protected":false},"author":1,"featured_media":0,"parent":0,"menu_order":0,"comment_status":"closed","ping_status":"closed","template":"","meta":[],"aioseo_notices":[],"_links":{"self":[{"href":"https:\/\/www.hovawart-freunde.de\/index.php?rest_route=\/wp\/v2\/pages\/175"}],"collection":[{"href":"https:\/\/www.hovawart-freunde.de\/index.php?rest_route=\/wp\/v2\/pages"}],"about":[{"href":"https:\/\/www.hovawart-freunde.de\/index.php?rest_route=\/wp\/v2\/types\/page"}],"author":[{"embeddable":true,"href":"https:\/\/www.hovawart-freunde.de\/index.php?rest_route=\/wp\/v2\/users\/1"}],"replies":[{"embeddable":true,"href":"https:\/\/www.hovawart-freunde.de\/index.php?rest_route=%2Fwp%2Fv2%2Fcomments&post=175"}],"version-history":[{"count":115,"href":"https:\/\/www.hovawart-freunde.de\/index.php?rest_route=\/wp\/v2\/pages\/175\/revisions"}],"predecessor-version":[{"id":3701,"href":"https:\/\/www.hovawart-freunde.de\/index.php?rest_route=\/wp\/v2\/pages\/175\/revisions\/3701"}],"wp:attachment":[{"href":"https:\/\/www.hovawart-freunde.de\/index.php?rest_route=%2Fwp%2Fv2%2Fmedia&parent=175"}],"curies":[{"name":"wp","href":"https:\/\/api.w.org\/{rel}","templated":true}]}}