{"id":29,"date":"2013-05-30T13:32:03","date_gmt":"2013-05-30T11:32:03","guid":{"rendered":"http:\/\/www.hovawart-freunde.de\/wordpress\/?page_id=29"},"modified":"2019-05-21T21:22:29","modified_gmt":"2019-05-21T19:22:29","slug":"vereinsgeschichte","status":"publish","type":"page","link":"https:\/\/www.hovawart-freunde.de\/?page_id=29","title":{"rendered":"Vereinsgeschichte"},"content":{"rendered":"<p style=\"text-align: left;\">\u00a0\u00a0\u00a0\u00a0\u00a0\u00a0\u00a0\u00a0\u00a0\u00a0\u00a0\u00a0\u00a0\u00a0\u00a0\u00a0\u00a0\u00a0\u00a0\u00a0\u00a0\u00a0\u00a0\u00a0\u00a0\u00a0\u00a0\u00a0\u00a0\u00a0\u00a0\u00a0\u00a0\u00a0\u00a0\u00a0\u00a0\u00a0\u00a0\u00a0\u00a0\u00a0\u00a0\u00a0\u00a0\u00a0 <a href=\"https:\/\/www.hovawart-freunde.de\/wordpress\/wp-content\/uploads\/2013\/08\/01gruppenbild.jpg\" rel=\"shadowbox[sbpost-29];player=img;\"><img decoding=\"async\" loading=\"lazy\" class=\"size-medium wp-image-609 alignnone\" src=\"https:\/\/www.hovawart-freunde.de\/wordpress\/wp-content\/uploads\/2013\/08\/01gruppenbild-300x103.jpg\" alt=\"01gruppenbild\" width=\"300\" height=\"103\" \/><\/a><\/p>\n<p style=\"text-align: left;\">Unser Verein wurde 1989 gegr\u00fcndet und hat seit Juni 2005 seinen Vereinssitz in Babenhausen. <!--?xml:namespace prefix = \"o\" ns = \"urn:schemas-microsoft-com:office:office\" \/--><\/p>\n<p>Hier ein kurzer historischer R\u00fcckblick:<br \/>\nAm 26.04.1989 wurde der Verein von 20 Gr\u00fcndungsmitgliedern ins Leben gerufen. Bis 1991 waren wir bei einem befreundeten Verein in M\u00f6rfelden eingemietet und zwischen 1991 und 2005 waren wir in Hanau Steinheim auf einem von der Stadt gepachteten Gel\u00e4nde zuhause. In dieser Zeit hielten wir auf einer 1.200 qm gro\u00dfen Wiese mit zwei Bauwagen &#8211; ohne Strom und Wasser &#8211; regelm\u00e4\u00dfig \u00dcbungsbetrieb ab und ein harmonisches Vereinsleben lie\u00dfen uns die spartanischen Umst\u00e4nde vergessen und den Verein allm\u00e4hlich wachsen. Unser Pachtvertrag lief allerdings 2003 ab und sollte nicht verl\u00e4ngert werden. Somit begann die erneute Suche nach einem endg\u00fcltigen Zuhause.<br \/>\nNach langem Suchen, Bangen und Hoffen haben wir letztendlich am 03.08.2004 den Pachtvertrag mit der Stadt Babenhausen abgeschlossen und notariell beglaubigt. Schwierige Verhandlungen &#8211; insbesondere plantechnischer &amp; finanzieller Art &#8211; sind dem ganzen voraus gegangen und es waren noch viele H\u00fcrden zu nehmen.<\/p>\n<p>Mittlerweile hat sich unser Verein in Babenhausen etabliert, wir sind gewachsen und haben auch Anerkennung gefunden.<\/p>\n<p>Der Verein hat derzeit 160 Mitglieder (Stand 30.04.2019) mit ca. 50 Hovawarten (\u00fcberwiegend RZV), einigen anderen Hunden wie Golden Retriever, Border-Collies, Malinois und nat\u00fcrlich Mischlingen.<\/p>\n<p>Er ist dem RZV f\u00fcr Hovawart-Hund eV und dem Hundesportverband Rhein-Main HSVRM angeschlossen und hat sich zum Ziel gesetzt, vorwiegend den Hovawart, aber auch andere Hunde als Familien-, Gebrauchs- und Sporthunde auszubilden. Im Rahmen des Zuchtgeschehen werden bei uns auch Nachzuchtbeurteilungen und CAC-Schauen durchgef\u00fchrt.<\/p>\n<p>Als Ausbildungsstufen werden Schutzhund, F\u00e4hrtenhund und Begleithund angestrebt.\u00a0 Obedience wird seit 2006 als weiterer Hundesport angeboten! Diszipliniertes und synchrones Arbeiten lernen die Hunde sowie die Hundef\u00fchrer auch bei den Vorbereitungen zu den j\u00e4hrlich stattfindenden Gruppenwettk\u00e4mpfen. Neue FUN-Sportarten wie Objektsuche, Longieren\u00a0und Rally Obedience geh\u00f6ren ebenfalls zu unserem Sportangebot und werden regelm\u00e4\u00dfig unter fachm\u00e4nnischer Leitung angeboten.<\/p>\n<p>Unser Verein veranstaltet j\u00e4hrlich neben 2 &#8211; 3 Leistungspr\u00fcfungen diverses Lehrg\u00e4nge, SHS-Turniere,\u00a0 Obedience-Pr\u00fcfungen, einen Wandertag und eine Ausdauerpr\u00fcfung (20 km Radfahren) und diverse Seminare f\u00fcr seine Mitglieder.<\/p>\n<p>Ein Sommerfest und eine Weihnachtsfeier runden unser j\u00e4hrliches Veranstaltungsprogramm ab. Der ehrenamtlich arbeitende Vorstand steht seinen Mitgliedern jederzeit zum Thema Erziehungsfragen, Krankheiten, Erlangen von Zuchtvoraussetzungen und vielen anderen Themen beratend zur Verf\u00fcgung.<\/p>\n<p>&nbsp;<\/p>\n","protected":false},"excerpt":{"rendered":"<p>\u00a0\u00a0\u00a0\u00a0\u00a0\u00a0\u00a0\u00a0\u00a0\u00a0\u00a0\u00a0\u00a0\u00a0\u00a0\u00a0\u00a0\u00a0\u00a0\u00a0\u00a0\u00a0\u00a0\u00a0\u00a0\u00a0\u00a0\u00a0\u00a0\u00a0\u00a0\u00a0\u00a0\u00a0\u00a0\u00a0\u00a0\u00a0\u00a0\u00a0\u00a0\u00a0\u00a0\u00a0\u00a0\u00a0 Unser Verein wurde 1989 gegr\u00fcndet und hat seit Juni 2005 seinen Vereinssitz in Babenhausen. Hier ein kurzer historischer R\u00fcckblick: Am 26.04.1989 wurde der Verein von 20 Gr\u00fcndungsmitgliedern ins Leben gerufen. Bis 1991 waren wir bei einem befreundeten Verein in M\u00f6rfelden eingemietet und zwischen 1991 und 2005 waren wir in Hanau Steinheim auf einem von [&hellip;]<\/p>\n","protected":false},"author":1,"featured_media":0,"parent":0,"menu_order":0,"comment_status":"closed","ping_status":"closed","template":"","meta":[],"aioseo_notices":[],"_links":{"self":[{"href":"https:\/\/www.hovawart-freunde.de\/index.php?rest_route=\/wp\/v2\/pages\/29"}],"collection":[{"href":"https:\/\/www.hovawart-freunde.de\/index.php?rest_route=\/wp\/v2\/pages"}],"about":[{"href":"https:\/\/www.hovawart-freunde.de\/index.php?rest_route=\/wp\/v2\/types\/page"}],"author":[{"embeddable":true,"href":"https:\/\/www.hovawart-freunde.de\/index.php?rest_route=\/wp\/v2\/users\/1"}],"replies":[{"embeddable":true,"href":"https:\/\/www.hovawart-freunde.de\/index.php?rest_route=%2Fwp%2Fv2%2Fcomments&post=29"}],"version-history":[{"count":22,"href":"https:\/\/www.hovawart-freunde.de\/index.php?rest_route=\/wp\/v2\/pages\/29\/revisions"}],"predecessor-version":[{"id":2522,"href":"https:\/\/www.hovawart-freunde.de\/index.php?rest_route=\/wp\/v2\/pages\/29\/revisions\/2522"}],"wp:attachment":[{"href":"https:\/\/www.hovawart-freunde.de\/index.php?rest_route=%2Fwp%2Fv2%2Fmedia&parent=29"}],"curies":[{"name":"wp","href":"https:\/\/api.w.org\/{rel}","templated":true}]}}