{"id":37,"date":"2013-05-30T13:37:16","date_gmt":"2013-05-30T11:37:16","guid":{"rendered":"http:\/\/www.hovawart-freunde.de\/wordpress\/?page_id=37"},"modified":"2014-02-01T10:11:54","modified_gmt":"2014-02-01T09:11:54","slug":"begleithundeprufung","status":"publish","type":"page","link":"https:\/\/www.hovawart-freunde.de\/?page_id=37","title":{"rendered":"Begleithundepr\u00fcfung\/BH"},"content":{"rendered":"<p><span style=\"color: #000000;\">Dieses Pr\u00fcfung ist eine international durch Pr\u00fcfungsordnung festgelegte und von einem Richter best\u00e4tigte Ausf\u00fchrung von Unterordnungs\u00fcbungen, wie z.B. Leinenf\u00fchrigkeit, Freifolge, Sitz, Platz und Ablage unter Ablenkung, die auf dem Hundeplatz erfolgen.<\/span><\/p>\n<p><span style=\"color: #000000;\">Nach bestandenem Unterordnungsteil geht es in den Au\u00dfen- oder auch Verkehrsteil, bei dem der Hund seine Sicherheit im Stra\u00dfenverkehr, sowie gegen\u00fcber Passanten, Radfahrern und Joggern beweisen muss.<\/span><\/p>\n<p><span style=\"color: #000000;\">Jeder Erst-Hundef\u00fchrer muss eine Theorie-Pr\u00fcfung ablegen.<\/span><\/p>\n<p><span style=\"color: #000000;\">Eine bestandene BH-Pr\u00fcfung ist Einstiegsvoraussetzung f\u00fcr weitere Pr\u00fcfungen in folgenden Sportarten: GHS\/VPG, THS, OBI und FH.<\/span><\/p>\n<p><span style=\"color: #000000;\">Fun-Sportarten ben\u00f6tigen keine BH-Pr\u00fcfung.<\/span><\/p>\n","protected":false},"excerpt":{"rendered":"<p>Dieses Pr\u00fcfung ist eine international durch Pr\u00fcfungsordnung festgelegte und von einem Richter best\u00e4tigte Ausf\u00fchrung von Unterordnungs\u00fcbungen, wie z.B. Leinenf\u00fchrigkeit, Freifolge, Sitz, Platz und Ablage unter Ablenkung, die auf dem Hundeplatz erfolgen. Nach bestandenem Unterordnungsteil geht es in den Au\u00dfen- oder auch Verkehrsteil, bei dem der Hund seine Sicherheit im Stra\u00dfenverkehr, sowie gegen\u00fcber Passanten, Radfahrern und [&hellip;]<\/p>\n","protected":false},"author":1,"featured_media":0,"parent":0,"menu_order":0,"comment_status":"closed","ping_status":"closed","template":"","meta":[],"aioseo_notices":[],"_links":{"self":[{"href":"https:\/\/www.hovawart-freunde.de\/index.php?rest_route=\/wp\/v2\/pages\/37"}],"collection":[{"href":"https:\/\/www.hovawart-freunde.de\/index.php?rest_route=\/wp\/v2\/pages"}],"about":[{"href":"https:\/\/www.hovawart-freunde.de\/index.php?rest_route=\/wp\/v2\/types\/page"}],"author":[{"embeddable":true,"href":"https:\/\/www.hovawart-freunde.de\/index.php?rest_route=\/wp\/v2\/users\/1"}],"replies":[{"embeddable":true,"href":"https:\/\/www.hovawart-freunde.de\/index.php?rest_route=%2Fwp%2Fv2%2Fcomments&post=37"}],"version-history":[{"count":7,"href":"https:\/\/www.hovawart-freunde.de\/index.php?rest_route=\/wp\/v2\/pages\/37\/revisions"}],"predecessor-version":[{"id":1043,"href":"https:\/\/www.hovawart-freunde.de\/index.php?rest_route=\/wp\/v2\/pages\/37\/revisions\/1043"}],"wp:attachment":[{"href":"https:\/\/www.hovawart-freunde.de\/index.php?rest_route=%2Fwp%2Fv2%2Fmedia&parent=37"}],"curies":[{"name":"wp","href":"https:\/\/api.w.org\/{rel}","templated":true}]}}