{"id":40,"date":"2013-05-30T13:38:53","date_gmt":"2013-05-30T11:38:53","guid":{"rendered":"http:\/\/www.hovawart-freunde.de\/wordpress\/?page_id=40"},"modified":"2020-05-16T12:09:41","modified_gmt":"2020-05-16T10:09:41","slug":"welpen","status":"publish","type":"page","link":"https:\/\/www.hovawart-freunde.de\/?page_id=40","title":{"rendered":"Welpen"},"content":{"rendered":"<h1>Unsere Welpenkurse<\/h1>\n<p>&nbsp;<\/p>\n<p>Nach ca. einer Woche Eingew\u00f6hnung in seiner neuen Familie sollte der Welpe Gelegenheit haben mit anderen Welpen seines Alters spielen zu k\u00f6nnen. Der Welpe lernt hierbei, wie er sich mit seinen Artgenossen, die vielleicht gr\u00f6\u00dfer oder kleiner sind, oder ganz anders aussehen als er, verst\u00e4ndigen kann. Sie erproben ihre Kr\u00e4fte und lernen aber auch sich unterzuordnen. Ihr Welpe soll in unserer Gruppe nicht nur spielen, sondern auch neugierig viele Dinge aus dem Alltag erkunden, sich mit verschiedenen optischen, akustischen und visuellen Reizen auseinandersetzen und seine Angst \u00fcberwinden lernen. Er soll lernen, dass er &#8222;seinen&#8220; Menschen vertrauen kann und legt damit den Grundstein f\u00fcr eine lebenslange gute Beziehung. Ein gut sozialisierter und erzogener Hund hat es oftmals leichter mit unserer Umwelt klar zu kommen und man kann ihn problemlos \u00fcberallhin mitnehmen.<\/p>\n<p>Im Mittelpunkt unseres erprobten Kursangebotes, an dem Rasse- und Mischlingshunde teilnehmen k\u00f6nnen, steht die Entwicklung eines sicheren Wesens des Hundes und das Informationsbed\u00fcrfnis des Welpenbesitzers.<\/p>\n<p>\u00dcbungen, die vorwiegend Alltagssituationen betreffen, unterst\u00fctzen das Kursziel.<\/p>\n<p>Dauer des Kurses: 10 Wochen<\/p>\n<p>Teilnehmer: Welpen (aller Rassen und Mischlinge) ab der 9. Lebenswoche<\/p>\n<p>Termin: jeweils am Sonntag &#8211; auf Anfrage!<\/p>\n<p>Kursleiterin:<br \/>\nTamara K\u00e4s, Tel.: 01573 8757869<\/p>\n<p>Bitte mitbringen:<br \/>\nd\u00fcnne Leine ohne Metall\u00f6sen, besonders gute kleine Leckerchen, Spielzeug, Impfausweis, Nachweis einer Haftpflichtversicherung<\/p>\n<p style=\"text-align: center;\"><a href=\"https:\/\/www.hovawart-freunde.de\/wordpress\/wp-content\/uploads\/2013\/08\/IMG_4228.jpg\" rel=\"shadowbox[sbpost-40];player=img;\"><img decoding=\"async\" loading=\"lazy\" class=\"aligncenter wp-image-379\" src=\"https:\/\/www.hovawart-freunde.de\/wordpress\/wp-content\/uploads\/2013\/08\/IMG_4228-300x230.jpg\" alt=\"IMG_4228\" width=\"600\" height=\"460\" srcset=\"https:\/\/www.hovawart-freunde.de\/wordpress\/wp-content\/uploads\/2013\/08\/IMG_4228-300x230.jpg 300w, https:\/\/www.hovawart-freunde.de\/wordpress\/wp-content\/uploads\/2013\/08\/IMG_4228-1024x786.jpg 1024w\" sizes=\"(max-width: 600px) 100vw, 600px\" \/><\/a><\/p>\n","protected":false},"excerpt":{"rendered":"<p>Unsere Welpenkurse &nbsp; Nach ca. einer Woche Eingew\u00f6hnung in seiner neuen Familie sollte der Welpe Gelegenheit haben mit anderen Welpen seines Alters spielen zu k\u00f6nnen. Der Welpe lernt hierbei, wie er sich mit seinen Artgenossen, die vielleicht gr\u00f6\u00dfer oder kleiner sind, oder ganz anders aussehen als er, verst\u00e4ndigen kann. Sie erproben ihre Kr\u00e4fte und lernen [&hellip;]<\/p>\n","protected":false},"author":1,"featured_media":0,"parent":0,"menu_order":0,"comment_status":"closed","ping_status":"closed","template":"","meta":[],"aioseo_notices":[],"_links":{"self":[{"href":"https:\/\/www.hovawart-freunde.de\/index.php?rest_route=\/wp\/v2\/pages\/40"}],"collection":[{"href":"https:\/\/www.hovawart-freunde.de\/index.php?rest_route=\/wp\/v2\/pages"}],"about":[{"href":"https:\/\/www.hovawart-freunde.de\/index.php?rest_route=\/wp\/v2\/types\/page"}],"author":[{"embeddable":true,"href":"https:\/\/www.hovawart-freunde.de\/index.php?rest_route=\/wp\/v2\/users\/1"}],"replies":[{"embeddable":true,"href":"https:\/\/www.hovawart-freunde.de\/index.php?rest_route=%2Fwp%2Fv2%2Fcomments&post=40"}],"version-history":[{"count":13,"href":"https:\/\/www.hovawart-freunde.de\/index.php?rest_route=\/wp\/v2\/pages\/40\/revisions"}],"predecessor-version":[{"id":2836,"href":"https:\/\/www.hovawart-freunde.de\/index.php?rest_route=\/wp\/v2\/pages\/40\/revisions\/2836"}],"wp:attachment":[{"href":"https:\/\/www.hovawart-freunde.de\/index.php?rest_route=%2Fwp%2Fv2%2Fmedia&parent=40"}],"curies":[{"name":"wp","href":"https:\/\/api.w.org\/{rel}","templated":true}]}}