{"id":44,"date":"2013-05-30T13:42:33","date_gmt":"2013-05-30T11:42:33","guid":{"rendered":"http:\/\/www.hovawart-freunde.de\/wordpress\/?page_id=44"},"modified":"2022-01-11T22:59:20","modified_gmt":"2022-01-11T21:59:20","slug":"obedience","status":"publish","type":"page","link":"https:\/\/www.hovawart-freunde.de\/?page_id=44","title":{"rendered":"Obedience"},"content":{"rendered":"<p>Obedience (engl. f\u00fcr Gehorsam) ist eine vergleichsweise junge Hundesportart aus Gro\u00dfbritannien, die jedoch schnell viele begeisterte Anh\u00e4nger gefunden hat. In Deutschland wurde die Pr\u00fcfungsordnung erstmalig 2002 ver\u00f6ffentlicht. Sie gibt unter anderem vor, wie viele Punkte ein Team maximal f\u00fcr eine \u00dcbung erhalten kann.<\/p>\n<p>In den \u00dcbungen wird gepr\u00fcft, ob der Hund gehorsam und motiviert den Anweisungen seines Menschen folgt. Der Mensch schickt seinen Hund beispielsweise zu einer bestimmten Markierung, l\u00e4sst ihn unterschiedliche Gegenst\u00e4nde suchen und apportieren oder gibt Kommandos aus gro\u00dfer Distanz zum Hund.<\/p>\n<p>Der Obedience-Sport ist prinzipiell f\u00fcr Hunde jeder Gr\u00f6\u00dfe und jeden Alters geeignet. Eine sch\u00f6ne Eigenschaft dieser Sportart ist, dass sie auch von Menschen und Hunden mit Handicap erfolgreich ausge\u00fcbt wird. Nat\u00fcrlich handelt es sich auch hier um einen Leistungssport, bei dem der Schwerpunkt zwar auf der Kopfarbeit liegt, aber auch k\u00f6rperlich anspruchsvolle Elemente eingebunden sind. Man sollte daher auch hier im Auge behalten, ob beispielsweise bei \u00e4lteren Hunden die Konzentrationsf\u00e4higkeit nachl\u00e4sst oder die Hunde bei Positions\u00fcbungen Schwierigkeiten mit der K\u00f6rperspannung bekommen. Eine Unterscheidung nach Alter oder Gr\u00f6\u00dfe gibt es bei dieser Sportart jedoch nicht. An alle Teams werden dieselben Herausforderungen gestellt und nur wer eine Klasse erfolgreich gemeistert hat, kann in die n\u00e4chst schwierigere Kategorie wechseln. Insgesamt gibt es 5 Leistungsstufen: Beginner, Klasse 1, 2 ,3 und die Senioren Klasse f\u00fcr Hunde ab dem 8. Lebensjahr.<\/p>\n<div align=\"center\"><\/div>\n<p>&nbsp;<\/p>\n<div align=\"center\"><\/div>\n","protected":false},"excerpt":{"rendered":"<p>Obedience (engl. f\u00fcr Gehorsam) ist eine vergleichsweise junge Hundesportart aus Gro\u00dfbritannien, die jedoch schnell viele begeisterte Anh\u00e4nger gefunden hat. In Deutschland wurde die Pr\u00fcfungsordnung erstmalig 2002 ver\u00f6ffentlicht. Sie gibt unter anderem vor, wie viele Punkte ein Team maximal f\u00fcr eine \u00dcbung erhalten kann. In den \u00dcbungen wird gepr\u00fcft, ob der Hund gehorsam und motiviert den [&hellip;]<\/p>\n","protected":false},"author":1,"featured_media":0,"parent":0,"menu_order":0,"comment_status":"closed","ping_status":"closed","template":"","meta":[],"aioseo_notices":[],"_links":{"self":[{"href":"https:\/\/www.hovawart-freunde.de\/index.php?rest_route=\/wp\/v2\/pages\/44"}],"collection":[{"href":"https:\/\/www.hovawart-freunde.de\/index.php?rest_route=\/wp\/v2\/pages"}],"about":[{"href":"https:\/\/www.hovawart-freunde.de\/index.php?rest_route=\/wp\/v2\/types\/page"}],"author":[{"embeddable":true,"href":"https:\/\/www.hovawart-freunde.de\/index.php?rest_route=\/wp\/v2\/users\/1"}],"replies":[{"embeddable":true,"href":"https:\/\/www.hovawart-freunde.de\/index.php?rest_route=%2Fwp%2Fv2%2Fcomments&post=44"}],"version-history":[{"count":4,"href":"https:\/\/www.hovawart-freunde.de\/index.php?rest_route=\/wp\/v2\/pages\/44\/revisions"}],"predecessor-version":[{"id":3014,"href":"https:\/\/www.hovawart-freunde.de\/index.php?rest_route=\/wp\/v2\/pages\/44\/revisions\/3014"}],"wp:attachment":[{"href":"https:\/\/www.hovawart-freunde.de\/index.php?rest_route=%2Fwp%2Fv2%2Fmedia&parent=44"}],"curies":[{"name":"wp","href":"https:\/\/api.w.org\/{rel}","templated":true}]}}