{"id":46,"date":"2013-05-30T13:43:31","date_gmt":"2013-05-30T11:43:31","guid":{"rendered":"http:\/\/www.hovawart-freunde.de\/wordpress\/?page_id=46"},"modified":"2024-01-02T22:26:21","modified_gmt":"2024-01-02T21:26:21","slug":"rally-obedience","status":"publish","type":"page","link":"https:\/\/www.hovawart-freunde.de\/?page_id=46","title":{"rendered":"Rally Obedience"},"content":{"rendered":"<p>Rally Obedience ist eine sehr junge und in Deutschland noch recht unbekannte Hundesportart. Sie wurde bereits in den 90er Jahren in den USA entwickelt und erfreut sich dort schon seit L\u00e4ngerem gro\u00dfer Beliebtheit. Der VDH hat Rally Obedience mit in seine Liste der Hundesportarten Ende 2012 aufgenommen: Das Regelwerk ist g\u00fcltig seit 1. Oktober 2012.<\/p>\n<p>Geeignet ist sie f\u00fcr fast jedes Hund-Mensch-Team: Teilnehmen k\u00f6nnen alle Personen, deren Hunde im Grundgehorsam stehen und vertr\u00e4glich mit Menschen und anderen Hunden sind. Durch abwechslungsreiche \u00dcbungen wird der Hund geistig wie k\u00f6rperlich gefordert. Entwickelt wurde diese Sportart f\u00fcr Alle, die mit den perfektionistisch anmutenden \u00dcbungen aus dem Obedience und der flotten Geschwindigkeit aus dem Agility nur wenig anfangen k\u00f6nnen. Kommunikation und Teamwork zwischen Hund und Mensch sind Kern dieser Sportart. Es gilt, einen Parcours aus bis zu 20 Stationen beim Rally Obedience zu bestreiten. Die Stationen bestehen aus Schildern, die den Hund-Mensch-Teams vorgeben, welche konkrete \u00dcbung sie bestreiten m\u00fcssen. Das Sch\u00f6ne ist, dass Mensch und Hund in jedem Stadium des Parcours miteinander interagieren d\u00fcrfen. Motivation, Lob und Spa\u00df sind erlaubt. Dabei decken die \u00dcbungen ein weites Spektrum ab: Von den Klassikern \u201eSitz\u201c, \u201ePlatz\u201c oder \u201eSteh\u201c \u00fcber Slalom bis hin zum Voraussenden des Hundes \u00fcber eine H\u00fcrde wird alles geboten. So kommt jeder auf seine Kosten. <!--?xml:namespace prefix = \"o\" ns = \"urn:schemas-microsoft-com:office:office\" \/--><\/p>\n<p>Im Turnier wird nach Punkten und Zeit bewertet. Gestartet wird in insgesamt f\u00fcnf Klassen (Klasse B, 1, 2, 3 und S), die sich in ihrem Schwierigkeitsgrad unterschieden. Hunde jeder Gr\u00f6\u00dfe treten gegeneinander an. Alle Teams starten ihren Lauf mit 100 Punkten. Fehler, die w\u00e4hrend des Parcours-Lauf passieren, werden abgezogen. Au\u00dferdem ist ein Zeit-Limit einzuhalten. Ein \u201eV\u201c (Vorz\u00fcglich) wird bei 90-100 Punkten vergeben. F\u00fcr 80-89 Punkte erhalten die Mensch-Hund-Teams ein \u201eSG\u201c (Sehr Gut). Ein \u201eG\u201c (Gut) bekommen die Teilnehmer bei einer Punktzahl zwischen 70 und 79 Punkten. In der Beginner-Klasse sowie der Klasse 1 darf locker angeleint gestartet werden. Ab Klasse 2 gehen die Teams dann leinenlos in die jeweilige Pr\u00fcfung. Teilnehmen d\u00fcrfen Hunde ab dem 15. Monat. Zu den Senioren z\u00e4hlen die Hunde ab dem 8. Lebensjahr.<\/p>\n\n\t\t<style type=\"text\/css\">\n\t\t\t#gallery-1 {\n\t\t\t\tmargin: auto;\n\t\t\t}\n\t\t\t#gallery-1 .gallery-item {\n\t\t\t\tfloat: left;\n\t\t\t\tmargin-top: 10px;\n\t\t\t\ttext-align: center;\n\t\t\t\twidth: 50%;\n\t\t\t}\n\t\t\t#gallery-1 img {\n\t\t\t\tborder: 2px solid #cfcfcf;\n\t\t\t}\n\t\t\t#gallery-1 .gallery-caption {\n\t\t\t\tmargin-left: 0;\n\t\t\t}\n\t\t\t\/* see gallery_shortcode() in wp-includes\/media.php *\/\n\t\t<\/style>\n\t\t<div id='gallery-1' class='gallery galleryid-46 gallery-columns-2 gallery-size-thumbnail'><dl class='gallery-item'>\n\t\t\t<dt class='gallery-icon landscape'>\n\t\t\t\t<a href='https:\/\/www.hovawart-freunde.de\/wordpress\/wp-content\/uploads\/2022\/10\/IMG_8964.jpg' rel='shadowbox[sbalbum-3084];player=img;'><img width=\"150\" height=\"150\" src=\"https:\/\/www.hovawart-freunde.de\/wordpress\/wp-content\/uploads\/2022\/10\/IMG_8964-150x150.jpg\" class=\"attachment-thumbnail size-thumbnail\" alt=\"\" decoding=\"async\" loading=\"lazy\" \/><\/a>\n\t\t\t<\/dt><\/dl><dl class='gallery-item'>\n\t\t\t<dt class='gallery-icon landscape'>\n\t\t\t\t<a href='https:\/\/www.hovawart-freunde.de\/wordpress\/wp-content\/uploads\/2022\/10\/IMG_8889.jpg' rel='shadowbox[sbalbum-3084];player=img;'><img width=\"150\" height=\"150\" src=\"https:\/\/www.hovawart-freunde.de\/wordpress\/wp-content\/uploads\/2022\/10\/IMG_8889-150x150.jpg\" class=\"attachment-thumbnail size-thumbnail\" alt=\"\" decoding=\"async\" loading=\"lazy\" \/><\/a>\n\t\t\t<\/dt><\/dl><br style=\"clear: both\" \/><dl class='gallery-item'>\n\t\t\t<dt class='gallery-icon landscape'>\n\t\t\t\t<a href='https:\/\/www.hovawart-freunde.de\/wordpress\/wp-content\/uploads\/2022\/10\/IMG_8816.jpg' rel='shadowbox[sbalbum-3084];player=img;'><img width=\"150\" height=\"150\" src=\"https:\/\/www.hovawart-freunde.de\/wordpress\/wp-content\/uploads\/2022\/10\/IMG_8816-150x150.jpg\" class=\"attachment-thumbnail size-thumbnail\" alt=\"\" decoding=\"async\" loading=\"lazy\" \/><\/a>\n\t\t\t<\/dt><\/dl><dl class='gallery-item'>\n\t\t\t<dt class='gallery-icon landscape'>\n\t\t\t\t<a href='https:\/\/www.hovawart-freunde.de\/wordpress\/wp-content\/uploads\/2022\/10\/IMG_8863.jpg' rel='shadowbox[sbalbum-3084];player=img;'><img width=\"150\" height=\"150\" src=\"https:\/\/www.hovawart-freunde.de\/wordpress\/wp-content\/uploads\/2022\/10\/IMG_8863-150x150.jpg\" class=\"attachment-thumbnail size-thumbnail\" alt=\"\" decoding=\"async\" loading=\"lazy\" \/><\/a>\n\t\t\t<\/dt><\/dl><br style=\"clear: both\" \/>\n\t\t<\/div>\n\n","protected":false},"excerpt":{"rendered":"<p>Rally Obedience ist eine sehr junge und in Deutschland noch recht unbekannte Hundesportart. Sie wurde bereits in den 90er Jahren in den USA entwickelt und erfreut sich dort schon seit L\u00e4ngerem gro\u00dfer Beliebtheit. Der VDH hat Rally Obedience mit in seine Liste der Hundesportarten Ende 2012 aufgenommen: Das Regelwerk ist g\u00fcltig seit 1. Oktober 2012. [&hellip;]<\/p>\n","protected":false},"author":1,"featured_media":0,"parent":0,"menu_order":0,"comment_status":"closed","ping_status":"closed","template":"","meta":[],"aioseo_notices":[],"_links":{"self":[{"href":"https:\/\/www.hovawart-freunde.de\/index.php?rest_route=\/wp\/v2\/pages\/46"}],"collection":[{"href":"https:\/\/www.hovawart-freunde.de\/index.php?rest_route=\/wp\/v2\/pages"}],"about":[{"href":"https:\/\/www.hovawart-freunde.de\/index.php?rest_route=\/wp\/v2\/types\/page"}],"author":[{"embeddable":true,"href":"https:\/\/www.hovawart-freunde.de\/index.php?rest_route=\/wp\/v2\/users\/1"}],"replies":[{"embeddable":true,"href":"https:\/\/www.hovawart-freunde.de\/index.php?rest_route=%2Fwp%2Fv2%2Fcomments&post=46"}],"version-history":[{"count":4,"href":"https:\/\/www.hovawart-freunde.de\/index.php?rest_route=\/wp\/v2\/pages\/46\/revisions"}],"predecessor-version":[{"id":3464,"href":"https:\/\/www.hovawart-freunde.de\/index.php?rest_route=\/wp\/v2\/pages\/46\/revisions\/3464"}],"wp:attachment":[{"href":"https:\/\/www.hovawart-freunde.de\/index.php?rest_route=%2Fwp%2Fv2%2Fmedia&parent=46"}],"curies":[{"name":"wp","href":"https:\/\/api.w.org\/{rel}","templated":true}]}}