{"id":48,"date":"2013-05-30T13:44:17","date_gmt":"2013-05-30T11:44:17","guid":{"rendered":"http:\/\/www.hovawart-freunde.de\/wordpress\/?page_id=48"},"modified":"2013-10-28T20:32:50","modified_gmt":"2013-10-28T19:32:50","slug":"objektsuche","status":"publish","type":"page","link":"https:\/\/www.hovawart-freunde.de\/?page_id=48","title":{"rendered":"SHS Sp\u00fcrhundesport"},"content":{"rendered":"<p>Die Objektsuche ist der Suchhundesport, man kann auch sagen -schn\u00fcffeln wie die Profis-, denn dieser Sport wurde von der Polizei-, bzw. Zollhundearbeit angeleitet. Aber nat\u00fcrlich suchen unsere Hunde keine Drogen oder Sprengstoff.<a href=\"https:\/\/www.hovawart-freunde.de\/wordpress\/wp-content\/uploads\/2013\/05\/IMG_4874.jpg\" rel=\"shadowbox[sbpost-48];player=img;\"><img decoding=\"async\" loading=\"lazy\" class=\"size-thumbnail wp-image-383 alignleft\" alt=\"IMG_4874\" src=\"https:\/\/www.hovawart-freunde.de\/wordpress\/wp-content\/uploads\/2013\/05\/IMG_4874-150x150.jpg\" width=\"150\" height=\"150\" \/><\/a><\/p>\n<p>Aber vielleicht fragt ihr euch auch, was ist eigentlich OS, warum h\u00f6rt man pl\u00f6tzlich \u00fcberall davon und warum sind so viele Hundemenschen von\u00a0(Z)OS begeistert?<\/p>\n<p>Es ist spannend mit anzusehen wie der Hund intensiv und konzentriert sucht und danach zufrieden und ersch\u00f6pft ist. Der Mensch kann f\u00fcr die Suchlagen unendlich kreativ sein und den Hund immer wieder vor neue Herausforderungen stellen. Langeweile ade! Au\u00dferdem lastet man den Hund arttypisch aus, denn er sieht die Welt\u00a0quasi mit der Nase. Dieses Leistungsverm\u00f6gen k\u00f6nnen wir jetzt auch trainieren.<\/p>\n<p>Wir\u00a0konditionieren unsere Hunde zuerst auf einen Gegenstand, wie z. B Feuerzeug, Kugelschreiber, Holzklammer usw. Das Auffinden zeigt der Hund passiv im Platz an. Vereinfacht gesagt kann man sich OS deshalb\u00a0\u00a0auch als &#8222;Drogensuche f\u00fcr Familienhunde&#8220; vorstellen.<\/p>\n<p>OS gliedert sich in 3 Bereiche, die Tr\u00fcmmersuche, die Fl\u00e4chensuche und die\u00a0Beh\u00e4ltnisstra\u00dfe. Wir beginnen mit dem Tr\u00fcmmerfeld. Im Tr\u00fcmmerfeld liegen verschiedene Gegenst\u00e4nde wahllos herum und irgendwo unter ihnen, an ihnen oder in ihnen ist der Gegenstand versteckt. In der Tr\u00fcmmersuche wird nicht nur die Hundenase gefordert, sondern auch die Motorik des Hundes, denn er muss die Gegenst\u00e4nde rundherum absuchen und ggf. auch f\u00fcr ihn gruselige Untergr\u00fcnde \u00fcberwinden.<a href=\"https:\/\/www.hovawart-freunde.de\/wordpress\/wp-content\/uploads\/2013\/05\/IMG_3086.jpg\" rel=\"shadowbox[sbpost-48];player=img;\"><img decoding=\"async\" loading=\"lazy\" class=\"alignright size-thumbnail wp-image-385\" alt=\"IMG_3086\" src=\"https:\/\/www.hovawart-freunde.de\/wordpress\/wp-content\/uploads\/2013\/05\/IMG_3086-150x150.jpg\" width=\"150\" height=\"150\" \/><\/a><\/p>\n<p>OS eignet sich f\u00fcr jeden Hund, der eine funktionst\u00fcchtige Nase hat. Bei einer\u00a0Herz-Kreislauf-Erkrankung vorher den Tierarzt kontaktieren. Denn diese intensive Nasenarbeit ist sehr anstrengend und sogar professionelle Sp\u00fcrhunde k\u00f6nnen nicht l\u00e4nger als 20Minuten arbeiten. OS fordert den Hund also zugleich k\u00f6rperlich und geistig und kann ihn dadurch umfassend auslasten und wir k\u00f6nnen sogar im Wohnzimmer trainieren.<\/p>\n<p>Wir trainieren die Objektsuche wettkampforientiert nach ZOS-DOGS-Sport und auch auf HoviLand fand im Mai 2013 der erste Wettkampf statt.<\/p>\n<p>&nbsp;<\/p>\n<p style=\"text-align: center;\"><a href=\"https:\/\/www.hovawart-freunde.de\/wordpress\/wp-content\/uploads\/2013\/05\/IMG_4946.jpg\" rel=\"shadowbox[sbpost-48];player=img;\"><img decoding=\"async\" loading=\"lazy\" class=\"size-thumbnail wp-image-384 aligncenter\" alt=\"IMG_4946\" src=\"https:\/\/www.hovawart-freunde.de\/wordpress\/wp-content\/uploads\/2013\/05\/IMG_4946-150x150.jpg\" width=\"150\" height=\"150\" \/><\/a><\/p>\n","protected":false},"excerpt":{"rendered":"<p>Die Objektsuche ist der Suchhundesport, man kann auch sagen -schn\u00fcffeln wie die Profis-, denn dieser Sport wurde von der Polizei-, bzw. Zollhundearbeit angeleitet. Aber nat\u00fcrlich suchen unsere Hunde keine Drogen oder Sprengstoff. Aber vielleicht fragt ihr euch auch, was ist eigentlich OS, warum h\u00f6rt man pl\u00f6tzlich \u00fcberall davon und warum sind so viele Hundemenschen von\u00a0(Z)OS [&hellip;]<\/p>\n","protected":false},"author":1,"featured_media":0,"parent":0,"menu_order":0,"comment_status":"closed","ping_status":"closed","template":"","meta":[],"aioseo_notices":[],"_links":{"self":[{"href":"https:\/\/www.hovawart-freunde.de\/index.php?rest_route=\/wp\/v2\/pages\/48"}],"collection":[{"href":"https:\/\/www.hovawart-freunde.de\/index.php?rest_route=\/wp\/v2\/pages"}],"about":[{"href":"https:\/\/www.hovawart-freunde.de\/index.php?rest_route=\/wp\/v2\/types\/page"}],"author":[{"embeddable":true,"href":"https:\/\/www.hovawart-freunde.de\/index.php?rest_route=\/wp\/v2\/users\/1"}],"replies":[{"embeddable":true,"href":"https:\/\/www.hovawart-freunde.de\/index.php?rest_route=%2Fwp%2Fv2%2Fcomments&post=48"}],"version-history":[{"count":6,"href":"https:\/\/www.hovawart-freunde.de\/index.php?rest_route=\/wp\/v2\/pages\/48\/revisions"}],"predecessor-version":[{"id":868,"href":"https:\/\/www.hovawart-freunde.de\/index.php?rest_route=\/wp\/v2\/pages\/48\/revisions\/868"}],"wp:attachment":[{"href":"https:\/\/www.hovawart-freunde.de\/index.php?rest_route=%2Fwp%2Fv2%2Fmedia&parent=48"}],"curies":[{"name":"wp","href":"https:\/\/api.w.org\/{rel}","templated":true}]}}