{"id":49,"date":"2013-05-30T13:44:37","date_gmt":"2013-05-30T11:44:37","guid":{"rendered":"http:\/\/www.hovawart-freunde.de\/wordpress\/?page_id=49"},"modified":"2024-01-02T22:19:25","modified_gmt":"2024-01-02T21:19:25","slug":"longieren","status":"publish","type":"page","link":"https:\/\/www.hovawart-freunde.de\/?page_id=49","title":{"rendered":"Longieren"},"content":{"rendered":"<p style=\"text-align: center;\">\u00a0<\/p>\n<p>Das Longieren mit dem Hund!<\/p>\n<p>Longieren mit Pferden kennt jeder! Warum also nicht mal Longieren mit dem Hund?<\/p>\n<p>Seit einigen Jahren gibt es eine neue Besch\u00e4ftigungsform auf dem Hundeplatz, die Hund und Mensch gleicherma\u00dfen Spa\u00df macht und die Bindung im Team st\u00e4rkt.<\/p>\n<p>Beim Longieren, von Thomas Baumann entwickelt, l\u00e4uft der Hund au\u00dferhalb eines abgegrenzten Kreises um den Hundef\u00fchrer herum und darf nicht in den Zirkel hinein. Der Mensch gibt ihm immer wieder Kommandos durch Sichtzeichen (Laufen, Richtung wechseln, Setzen, Legen, Stehen, Tempowechsel), die der Hund auszuf\u00fchren hat. Er wird dabei oft belohnt, vorzugsweise durch ein Spielzeug, das pl\u00f6tzlich durch die Luft fliegt, mit Leckerchen oder nat\u00fcrlich mit Worten. Ziel ist, dass der Hund auf seinen Hundef\u00fchrer fixiert immer wieder den Blickkontakt sucht, denn nur dann kommt ein Kommando. Da er nicht zu seinem Menschen in den Kreis darf, ist dies seine einzige M\u00f6glichkeit zur Kontaktaufnahme. Durch diese Art von Arbeiten, so sagt Baumann in einem seiner B\u00fccher, lasse sich die Kommunikation zwischen Hund und Mensch unglaublich verbessern.<\/p>\n<p>Mittlerweile wird das Longieren auch als therapeutische Ma\u00dfnahme genutzt. Darf ein Hund verletzungsbedingt z.B. nicht unkontrolliert rennen, so kann er am Kreis durch gelenkschonendes und muskelaufbauendes Traben bewegt werden. Auch wird die Bewegung im Trab am Kreis entlang f\u00fcr Abbau von Aggression und Jagdtrieb genutzt.<\/p>\n<p>Das Sch\u00f6nste und Wichtigste am Longieren aber ist der Spa\u00dffaktor:<\/p>\n<p>Der Hund darf sich bewegen und auch mal richtig Gas geben!<\/p>\n<p>Geeignet ist das Longieren f\u00fcr jeden Hund! Und noch alle haben es bisher gelernt&#8230;&#8230;<a href=\"https:\/\/www.hovawart-freunde.de\/wordpress\/wp-content\/uploads\/2013\/08\/IMG_3915.jpg\" rel=\"shadowbox[sbpost-49];player=img;\"><img decoding=\"async\" loading=\"lazy\" class=\"alignright wp-image-374 size-medium\" src=\"https:\/\/www.hovawart-freunde.de\/wordpress\/wp-content\/uploads\/2013\/08\/IMG_3915-296x300.jpg\" alt=\"IMG_3915\" width=\"296\" height=\"300\" srcset=\"https:\/\/www.hovawart-freunde.de\/wordpress\/wp-content\/uploads\/2013\/08\/IMG_3915-296x300.jpg 296w, https:\/\/www.hovawart-freunde.de\/wordpress\/wp-content\/uploads\/2013\/08\/IMG_3915-1013x1024.jpg 1013w\" sizes=\"(max-width: 296px) 100vw, 296px\" \/><\/a><\/p>\n\n\n<figure class=\"wp-block-image size-large is-resized\"><a href=\"https:\/\/www.hovawart-freunde.de\/wordpress\/wp-content\/uploads\/2024\/01\/WhatsApp-Bild-2023-08-20-um-16.33.44_09c56d50.jpg\" rel=\"shadowbox[sbpost-49];player=img;\"><img decoding=\"async\" loading=\"lazy\" src=\"https:\/\/www.hovawart-freunde.de\/wordpress\/wp-content\/uploads\/2024\/01\/WhatsApp-Bild-2023-08-20-um-16.33.44_09c56d50-1024x672.jpg\" alt=\"\" class=\"wp-image-3454\" width=\"433\" height=\"284\" srcset=\"https:\/\/www.hovawart-freunde.de\/wordpress\/wp-content\/uploads\/2024\/01\/WhatsApp-Bild-2023-08-20-um-16.33.44_09c56d50-1024x672.jpg 1024w, https:\/\/www.hovawart-freunde.de\/wordpress\/wp-content\/uploads\/2024\/01\/WhatsApp-Bild-2023-08-20-um-16.33.44_09c56d50-300x197.jpg 300w, https:\/\/www.hovawart-freunde.de\/wordpress\/wp-content\/uploads\/2024\/01\/WhatsApp-Bild-2023-08-20-um-16.33.44_09c56d50-768x504.jpg 768w, https:\/\/www.hovawart-freunde.de\/wordpress\/wp-content\/uploads\/2024\/01\/WhatsApp-Bild-2023-08-20-um-16.33.44_09c56d50-1536x1008.jpg 1536w, https:\/\/www.hovawart-freunde.de\/wordpress\/wp-content\/uploads\/2024\/01\/WhatsApp-Bild-2023-08-20-um-16.33.44_09c56d50.jpg 2048w\" sizes=\"(max-width: 433px) 100vw, 433px\" \/><\/a><\/figure>\n","protected":false},"excerpt":{"rendered":"<p>\u00a0 Das Longieren mit dem Hund! Longieren mit Pferden kennt jeder! Warum also nicht mal Longieren mit dem Hund? Seit einigen Jahren gibt es eine neue Besch\u00e4ftigungsform auf dem Hundeplatz, die Hund und Mensch gleicherma\u00dfen Spa\u00df macht und die Bindung im Team st\u00e4rkt. Beim Longieren, von Thomas Baumann entwickelt, l\u00e4uft der Hund au\u00dferhalb eines abgegrenzten [&hellip;]<\/p>\n","protected":false},"author":1,"featured_media":0,"parent":0,"menu_order":0,"comment_status":"closed","ping_status":"closed","template":"","meta":[],"aioseo_notices":[],"_links":{"self":[{"href":"https:\/\/www.hovawart-freunde.de\/index.php?rest_route=\/wp\/v2\/pages\/49"}],"collection":[{"href":"https:\/\/www.hovawart-freunde.de\/index.php?rest_route=\/wp\/v2\/pages"}],"about":[{"href":"https:\/\/www.hovawart-freunde.de\/index.php?rest_route=\/wp\/v2\/types\/page"}],"author":[{"embeddable":true,"href":"https:\/\/www.hovawart-freunde.de\/index.php?rest_route=\/wp\/v2\/users\/1"}],"replies":[{"embeddable":true,"href":"https:\/\/www.hovawart-freunde.de\/index.php?rest_route=%2Fwp%2Fv2%2Fcomments&post=49"}],"version-history":[{"count":8,"href":"https:\/\/www.hovawart-freunde.de\/index.php?rest_route=\/wp\/v2\/pages\/49\/revisions"}],"predecessor-version":[{"id":3459,"href":"https:\/\/www.hovawart-freunde.de\/index.php?rest_route=\/wp\/v2\/pages\/49\/revisions\/3459"}],"wp:attachment":[{"href":"https:\/\/www.hovawart-freunde.de\/index.php?rest_route=%2Fwp%2Fv2%2Fmedia&parent=49"}],"curies":[{"name":"wp","href":"https:\/\/api.w.org\/{rel}","templated":true}]}}