{"id":57,"date":"2013-05-30T13:50:51","date_gmt":"2013-05-30T11:50:51","guid":{"rendered":"http:\/\/www.hovawart-freunde.de\/wordpress\/?page_id=57"},"modified":"2013-06-02T21:59:00","modified_gmt":"2013-06-02T19:59:00","slug":"bucher","status":"publish","type":"page","link":"https:\/\/www.hovawart-freunde.de\/?page_id=57","title":{"rendered":"B\u00fccher"},"content":{"rendered":"<table style=\"width: 615px;\" border=\"1\" cellpadding=\"0\">\n<tbody>\n<tr>\n<td width=\"420\">Hovawart &#8211;<br \/>\nDas gro\u00dfe Rassehundbuch<\/td>\n<td width=\"189\">Susanne \u00a0 Kerl<\/td>\n<\/tr>\n<tr>\n<td width=\"420\"><\/td>\n<td width=\"189\"><\/td>\n<\/tr>\n<tr>\n<td width=\"420\">Unsere Hunde &#8211; Gesund durch Hom\u00f6opathie<\/td>\n<td width=\"189\">Hans \u00a0 G\u00fcnter Wolff<\/td>\n<\/tr>\n<tr>\n<td width=\"420\"><\/td>\n<td width=\"189\"><\/td>\n<\/tr>\n<tr>\n<td width=\"420\">Hom\u00f6opathie f\u00fcr Hunde &#8211;<br \/>\nEin praktischer Leitfaden zur Erkennung und<br \/>\nBehandlung von Hundekrankheiten<\/td>\n<td width=\"189\">A.H.Westerhuis<\/td>\n<\/tr>\n<tr>\n<td width=\"420\"><\/td>\n<td width=\"189\"><\/td>\n<\/tr>\n<tr>\n<td width=\"420\">Der Familienbegleithund im modernen Hausstand<\/td>\n<td width=\"189\">G\u00fcnther \u00a0 Bloch<\/td>\n<\/tr>\n<tr>\n<td width=\"420\"><\/td>\n<td width=\"189\"><\/td>\n<\/tr>\n<tr>\n<td width=\"420\">Calming Signals &#8211;<br \/>\nDie Beschwichtigungssignale der Hunde<\/td>\n<td width=\"189\">Turid \u00a0 Rugaas<\/td>\n<\/tr>\n<tr>\n<td width=\"420\"><\/td>\n<td width=\"189\"><\/td>\n<\/tr>\n<tr>\n<td width=\"420\">Hundeschule f\u00fcr jeden Tag &#8211;<br \/>\nErziehung die dem Hund Spa\u00df macht<\/td>\n<td width=\"189\">Katharina \u00a0 Schlegl-Kofler<\/td>\n<\/tr>\n<tr>\n<td width=\"420\"><\/td>\n<td width=\"189\"><\/td>\n<\/tr>\n<tr>\n<td width=\"420\">Obedience f\u00fcr Einsteiger &#8211;<br \/>\nDas Lehrbuch f\u00fcr den neuen Sport<\/td>\n<td width=\"189\">Birgit \u00a0 Laser<\/td>\n<\/tr>\n<tr>\n<td width=\"420\"><\/td>\n<td width=\"189\"><\/td>\n<\/tr>\n<tr>\n<td width=\"420\">Erziehungsspiele f\u00fcr Hunde<br \/>\nmit Traininsgkarten f\u00fcr drau\u00dfen<\/td>\n<td width=\"189\">P. \u00a0 F\u00fchrmann + N. Hoefs<\/td>\n<\/tr>\n<tr>\n<td width=\"420\"><\/td>\n<td width=\"189\"><\/td>\n<\/tr>\n<tr>\n<td width=\"420\">Auf gute alte Tage &#8211;<br \/>\nFitness f\u00fcr Hunde in den besten Jahren<\/td>\n<td width=\"189\">Thekla \u00a0 Vennebusch<\/td>\n<\/tr>\n<tr>\n<td width=\"420\"><\/td>\n<td width=\"189\"><\/td>\n<\/tr>\n<tr>\n<td width=\"420\">Hunde richtig massieren &#8211;<br \/>\nAkkupressur, Massage &amp; mehr<\/td>\n<td width=\"189\">Brunhilde \u00a0 M\u00fchlbauer<\/td>\n<\/tr>\n<tr>\n<td width=\"420\"><\/td>\n<td width=\"189\"><\/td>\n<\/tr>\n<tr>\n<td width=\"420\">Tellington-Training f\u00fcr Hunde &#8211;<br \/>\nNeue Wege zur Verst\u00e4ndigung mit Ihrem Hund<\/td>\n<td width=\"189\">Linda \u00a0 Tellington-Jones<\/td>\n<\/tr>\n<tr>\n<td width=\"420\"><\/td>\n<td width=\"189\"><\/td>\n<\/tr>\n<tr>\n<td width=\"420\">Erste Hilfe mit Naturheilmitteln &#8211;<br \/>\nBehandeln mit Hom\u00f6opathie und Bachbl\u00fcten<\/td>\n<td width=\"189\">Inge \u00a0 Hansen<\/td>\n<\/tr>\n<tr>\n<td width=\"420\"><\/td>\n<td width=\"189\"><\/td>\n<\/tr>\n<tr>\n<td width=\"420\">Mensch &#8211; Hund &#8211; Harmonie<\/td>\n<td width=\"189\">Ekard \u00a0 Lind<\/td>\n<\/tr>\n<\/tbody>\n<\/table>\n","protected":false},"excerpt":{"rendered":"<p>Hovawart &#8211; Das gro\u00dfe Rassehundbuch Susanne \u00a0 Kerl Unsere Hunde &#8211; Gesund durch Hom\u00f6opathie Hans \u00a0 G\u00fcnter Wolff Hom\u00f6opathie f\u00fcr Hunde &#8211; Ein praktischer Leitfaden zur Erkennung und Behandlung von Hundekrankheiten A.H.Westerhuis Der Familienbegleithund im modernen Hausstand G\u00fcnther \u00a0 Bloch Calming Signals &#8211; Die Beschwichtigungssignale der Hunde Turid \u00a0 Rugaas Hundeschule f\u00fcr jeden Tag &#8211; [&hellip;]<\/p>\n","protected":false},"author":1,"featured_media":0,"parent":0,"menu_order":0,"comment_status":"closed","ping_status":"closed","template":"","meta":[],"aioseo_notices":[],"_links":{"self":[{"href":"https:\/\/www.hovawart-freunde.de\/index.php?rest_route=\/wp\/v2\/pages\/57"}],"collection":[{"href":"https:\/\/www.hovawart-freunde.de\/index.php?rest_route=\/wp\/v2\/pages"}],"about":[{"href":"https:\/\/www.hovawart-freunde.de\/index.php?rest_route=\/wp\/v2\/types\/page"}],"author":[{"embeddable":true,"href":"https:\/\/www.hovawart-freunde.de\/index.php?rest_route=\/wp\/v2\/users\/1"}],"replies":[{"embeddable":true,"href":"https:\/\/www.hovawart-freunde.de\/index.php?rest_route=%2Fwp%2Fv2%2Fcomments&post=57"}],"version-history":[{"count":6,"href":"https:\/\/www.hovawart-freunde.de\/index.php?rest_route=\/wp\/v2\/pages\/57\/revisions"}],"predecessor-version":[{"id":194,"href":"https:\/\/www.hovawart-freunde.de\/index.php?rest_route=\/wp\/v2\/pages\/57\/revisions\/194"}],"wp:attachment":[{"href":"https:\/\/www.hovawart-freunde.de\/index.php?rest_route=%2Fwp%2Fv2%2Fmedia&parent=57"}],"curies":[{"name":"wp","href":"https:\/\/api.w.org\/{rel}","templated":true}]}}