{"id":65,"date":"2013-05-30T13:58:38","date_gmt":"2013-05-30T11:58:38","guid":{"rendered":"http:\/\/www.hovawart-freunde.de\/wordpress\/?page_id=65"},"modified":"2013-08-25T15:57:37","modified_gmt":"2013-08-25T13:57:37","slug":"anfahrt","status":"publish","type":"page","link":"https:\/\/www.hovawart-freunde.de\/?page_id=65","title":{"rendered":"Anfahrt"},"content":{"rendered":"<h1>von Darmstadt kommend:<!--?xml:namespace prefix = \"o\" ns = \"urn:schemas-microsoft-com:office:office\" \/--><\/h1>\n<p><!--  Text: [begin] -->Richtung Aschaffenburg fahren, der 4-spurig ausgebauten B26 folgen, bis der 4-spurige Ausbau endet.<br \/>\nB26 weiterfolgen bis Babenhausen, nach Ortseingang, vor der Aral Tankstelle, an der Ampel links abbiegen (unter der Bahn durch). Umgehungsstrasse folgen, an der 2. Ampel Richtung Harreshausen rechts abbiegen, nach ca. 400m kommt auf der rechten Seite ein Schild &#8222;Tierheim&#8220;, hier einbiegen, kurz vor der n\u00e4chsten Linkskurve ist unser Parkplatz.<\/p>\n<p>&nbsp;<\/p>\n<h1><!--  Text: [end] --><!--  CONTENT ELEMENT, uid:26\/text [end] --><!--  CONTENT ELEMENT, uid:27\/text [begin] -->Von Hanau \/ W\u00fcrzburg oder Frankfurter Kreuz kommend:<\/h1>\n<p><!--  Text: [begin] -->Abfahrt Hanau von der A3 nehmen und auf die B45 Richtung Rodgau\/J\u00fcgesheim\/Dieburg fahren, nach ca.7,5 km Abfahrt Babenhausen folgen, Ortseingang Babenhausen im Kreisel geradeaus Richtung Gro\u00df Umstadt folgen, nach Fu\u00dfg\u00e4ngerbr\u00fccke an der Ampel links abbiegen Richtung Harreshausen, nach ca. 400m kommt auf der rechten Seite ein Schild &#8222;Tierheim&#8220;, hier einbiegen, kurz vor der n\u00e4chsten Linkskurve ist unser Parkplatz<\/p>\n<p>.Koordinaten f\u00fcr Navigationssysteme: \u00a0E008\u00b057`59,3 \/ N49\u00b057`43,9<\/p>\n<p>&nbsp;<\/p>\n\n","protected":false},"excerpt":{"rendered":"<p>von Darmstadt kommend: Richtung Aschaffenburg fahren, der 4-spurig ausgebauten B26 folgen, bis der 4-spurige Ausbau endet. B26 weiterfolgen bis Babenhausen, nach Ortseingang, vor der Aral Tankstelle, an der Ampel links abbiegen (unter der Bahn durch). Umgehungsstrasse folgen, an der 2. Ampel Richtung Harreshausen rechts abbiegen, nach ca. 400m kommt auf der rechten Seite ein Schild [&hellip;]<\/p>\n","protected":false},"author":1,"featured_media":0,"parent":0,"menu_order":0,"comment_status":"closed","ping_status":"closed","template":"","meta":[],"aioseo_notices":[],"_links":{"self":[{"href":"https:\/\/www.hovawart-freunde.de\/index.php?rest_route=\/wp\/v2\/pages\/65"}],"collection":[{"href":"https:\/\/www.hovawart-freunde.de\/index.php?rest_route=\/wp\/v2\/pages"}],"about":[{"href":"https:\/\/www.hovawart-freunde.de\/index.php?rest_route=\/wp\/v2\/types\/page"}],"author":[{"embeddable":true,"href":"https:\/\/www.hovawart-freunde.de\/index.php?rest_route=\/wp\/v2\/users\/1"}],"replies":[{"embeddable":true,"href":"https:\/\/www.hovawart-freunde.de\/index.php?rest_route=%2Fwp%2Fv2%2Fcomments&post=65"}],"version-history":[{"count":7,"href":"https:\/\/www.hovawart-freunde.de\/index.php?rest_route=\/wp\/v2\/pages\/65\/revisions"}],"predecessor-version":[{"id":473,"href":"https:\/\/www.hovawart-freunde.de\/index.php?rest_route=\/wp\/v2\/pages\/65\/revisions\/473"}],"wp:attachment":[{"href":"https:\/\/www.hovawart-freunde.de\/index.php?rest_route=%2Fwp%2Fv2%2Fmedia&parent=65"}],"curies":[{"name":"wp","href":"https:\/\/api.w.org\/{rel}","templated":true}]}}