{"id":67,"date":"2013-05-30T14:01:32","date_gmt":"2013-05-30T12:01:32","guid":{"rendered":"http:\/\/www.hovawart-freunde.de\/wordpress\/?page_id=67"},"modified":"2026-03-31T20:21:22","modified_gmt":"2026-03-31T18:21:22","slug":"impressum-2","status":"publish","type":"page","link":"https:\/\/www.hovawart-freunde.de\/?page_id=67","title":{"rendered":"Impressum"},"content":{"rendered":"<h1 style=\"text-align: left;\">Impressum<\/h1>\n<p><img decoding=\"async\" loading=\"lazy\" class=\"size-full wp-image-230 alignleft\" src=\"https:\/\/www.hovawart-freunde.de\/wordpress\/wp-content\/uploads\/2013\/05\/Impressum-Zeichen.jpg\" alt=\"Impressum Zeichen\" width=\"178\" height=\"178\" srcset=\"https:\/\/www.hovawart-freunde.de\/wordpress\/wp-content\/uploads\/2013\/05\/Impressum-Zeichen.jpg 178w, https:\/\/www.hovawart-freunde.de\/wordpress\/wp-content\/uploads\/2013\/05\/Impressum-Zeichen-150x150.jpg 150w\" sizes=\"(max-width: 178px) 100vw, 178px\" \/><\/p>\n<p style=\"text-align: center;\">Hovawart-Freunde Rhein Main e.V.<br \/>\nAusserhalb 39<br \/>\n64832 Babenhausen<\/p>\n<p style=\"text-align: center;\">Internet: www.hovawart-freunde.de<\/p>\n<p>Vertretungsberechtigter Vorstand:<br \/>\nMarion Herold-Dooley<br \/>\nVorsitzende@hovawart-freunde.de<\/p>\n<p style=\"text-align: left;\">Internetpr\u00e4senz:<\/p>\n<table border=\"0\" cellspacing=\"20\" cellpadding=\"20\">\n<tbody>\n<tr>\n<td>Michaela Herold<\/td>\n<td><\/td>\n<td><\/td>\n<\/tr>\n<tr>\n<td>mh@hovawart-freunde.de<\/td>\n<td><\/td>\n<td><\/td>\n<\/tr>\n<\/tbody>\n<\/table>\n<p><strong>Allgemeine Datenschutzerkl\u00e4rung Website<\/strong><\/p>\n<p>Durch die Nutzung unserer Website erkl\u00e4ren Sie sich mit der Erhebung, Verarbeitung und Nutzung von Daten gem\u00e4\u00df der nachfolgenden Beschreibung einverstanden. Unsere Website kann grunds\u00e4tzlich ohne Registrierung besucht werden. Dabei werden Daten wie beispielsweise aufgerufene Seiten bzw. Namen der abgerufenen Datei, Datum und Uhrzeit zu statistischen Zwecken auf dem Server gespeichert, ohne dass diese Daten unmittelbar auf Ihre Person bezogen werden.<\/p>\n<p style=\"text-align: justify;\">Haftungshinweis:<br \/>\nTrotz sorgf\u00e4ltiger inhaltlicher Kontrolle \u00fcbernehmen wir keine Haftung f\u00fcr die Inhalte externer Links. F\u00fcr den Inhalt der verlinkten Seiten sind ausschlie\u00dflich deren Betreiber verantwortlich. Die verlinkten Seiten wurden zum Zeitpunkt der Verlinkung auf m\u00f6gliche Rechtsverst\u00f6\u00dfe \u00fcberpr\u00fcft. Rechtswidrige Inhalte waren zum Zeitpunkt der Verlinkung nicht erkennbar. Eine permanente inhaltliche Kontrolle der verlinkten Seiten ist jedoch ohne konkrete Anhaltspunkte einer Rechtsverletzung nicht zumutbar. Bei Bekanntwerden von Rechtsverletzungen werden wir derartige Links umgehend entfernen.<\/p>\n<p>DATENSCHUTZERKL\u00c4RUNG<\/p>\n<p>1.Diese Datenschutzerkl\u00e4rung beinhaltet die \u201eInformationspflicht bei Erhebung von personenbezogenen Daten bei der betroffenen Person\u201c gem\u00e4\u00df Art. 13 Datenschutz-Grundverordnung (DS-GVO).<\/p>\n<p>2.Verantwortliche Stelle:<\/p>\n<p>Hovawart-Freunde RM eV, 64832 Babenhausen<\/p>\n<p>Elisabeth Dittmann, Schaafheimer Str. 24, 64850 Schaafheim, Tel: 06073 87727<\/p>\n<p>3.Mit dem Beitritt eines Mitglieds nimmt der Verein folgende personenbezogene Daten auf:<\/p>\n<ul>\n<li>Name<\/li>\n<li>Adresse<\/li>\n<li>Geburtsdatum<\/li>\n<li>Bankverbindung<\/li>\n<li>Telefonnummer<\/li>\n<li>E-Mail-Adresse<\/li>\n<\/ul>\n<p>Diese Informationen werden in dem vereinseigenen EDV-System gespeichert. Jedem Vereinsmitglied wird dabei eine Mitgliedsnummer zugeordnet. Die personenbezogenen Daten werden dabei durch geeignete technische und organisatorische Ma\u00dfnahmen vor der Kenntnisnahme Dritter gesch\u00fctzt.<\/p>\n<p>Nach Art. 6, Abs. 1, lit. b) DSGVO ist die Verarbeitung personenbezogene Daten rechtm\u00e4\u00dfig, wenn diese f\u00fcr die Erf\u00fcllung eines Vertragsverh\u00e4ltnisses \u2013 hier: Mitgliedschaft im Verein \u2013 erforderlich sind.<\/p>\n<p>4. F\u00fcr weitere personenbezogene Daten und f\u00fcr solche, die in den Vereinspublikationen und Online-Medien ver\u00f6ffentlicht werden sollen, ist eine schriftlicher Einwilligungserkl\u00e4rung des Mitgliedes unter Beachtung des Art. 7 DSGVO notwendig. Dazu ist ein entsprechendes Formblatt des Vereins vom Mitglied zu unterschreiben. Die Entscheidung zur Erhebung weiterer personenbezogener Daten und deren Ver\u00f6ffentlichung trifft das Mitglied freiwillig. Das Einverst\u00e4ndnis kann das Mitglied jederzeit ohne nachteilige Folgen mit Wirkung f\u00fcr die Zukunft in Textform gegen\u00fcber dem Vereinsvorstand widerrufen (Kontakt s. Punkt 2).<\/p>\n<p>5. Als Mitglied des &#8230;<\/p>\n<ul>\n<li>Vereins<\/li>\n<li>Hundesportverband Rhein-Main (HSVRM)<\/li>\n<li>Deutscher Hundesportverband (dhv)<\/li>\n<li>Verband f\u00fcr das Deutsche Hundewesen (VDH)<\/li>\n<li>Federation Cynologique Internationale\u00a0(FCI)<\/li>\n<\/ul>\n<p>ist der Verein verpflichtet, ggf. personenbezogene Daten seiner Mitglieder an den\/die Verband\/Verb\u00e4nde zu melden. \u00dcbermittelt werden dabei<\/p>\n<ul>\n<li>ggf. Name<\/li>\n<li>ggf. Alter<\/li>\n<li>ggf. Anschrift<\/li>\n<li>ggf. Mitgliedsnummer<\/li>\n<li>ggf. besondere Wettkampfdaten (z. B. Platzierungen)<\/li>\n<li>ggf. Fotos<\/li>\n<\/ul>\n<p>Bei Mitgliedern mit besonderen Aufgaben (z. B. Vorstandsmitglieder, Abteilungsleiter\/innen) werden ggf. weitere Daten \u00fcbermittelt:<\/p>\n<ul>\n<li>Telefonnummer<\/li>\n<li>E-Mail-Adresse<\/li>\n<li>Funktion im Verein<\/li>\n<\/ul>\n<p>6.Beim Austritt aus dem Verein werden die personenbezogenen Daten des Mitglieds aus der Mitgliederdatenverwaltung gel\u00f6scht. Personenbezogene Daten, die die Kassenverwaltung betreffen, werden gem\u00e4\u00df der steuergesetzlichen Bestimmungen bis zu zehn Jahre ab der schriftlichen Best\u00e4tigung des Austritts durch den Vorstand aufbewahrt. Sie werden gesperrt.<\/p>\n<p>7.Das Mitglied hat das Recht auf Auskunft des Vereins \u00fcber seine gespeicherten Daten sowie auf deren Berichtigung und L\u00f6schung (sofern nicht Art. 6, Abs. 1, lit b) oder lit. f) DSGVO betroffen ist). Dieses bezieht sich auch auf eine Einschr\u00e4nkung der Datenverarbeitung oder ein Widerspruch gegen eine Daten\u00fcbermittlung. Eine entsprechende Anfrage ist per Textform an den Vorstand des HSVRM zu stellen.<\/p>\n<p>8.Das Mitglied hat ein Beschwerderecht. Zust\u00e4ndig in Hessen ist daf\u00fcr:<\/p>\n<p>Der Hessische Datenschutzbeauftragte, Gustav-Stresemann-Ring 1, 65189 Wiesbaden<\/p>\n<p>Tel.: 0611 \/ 14080, Fax: 0611 \/ 1408-900, E-Mail: poststelle@datenschutz.hessen.de<\/p>\n","protected":false},"excerpt":{"rendered":"<p>Impressum Hovawart-Freunde Rhein Main e.V. Ausserhalb 39 64832 Babenhausen Internet: www.hovawart-freunde.de Vertretungsberechtigter Vorstand: Marion Herold-Dooley Vorsitzende@hovawart-freunde.de Internetpr\u00e4senz: Michaela Herold mh@hovawart-freunde.de Allgemeine Datenschutzerkl\u00e4rung Website Durch die Nutzung unserer Website erkl\u00e4ren Sie sich mit der Erhebung, Verarbeitung und Nutzung von Daten gem\u00e4\u00df der nachfolgenden Beschreibung einverstanden. Unsere Website kann grunds\u00e4tzlich ohne Registrierung besucht werden. Dabei werden Daten [&hellip;]<\/p>\n","protected":false},"author":1,"featured_media":0,"parent":0,"menu_order":0,"comment_status":"closed","ping_status":"closed","template":"","meta":[],"aioseo_notices":[],"_links":{"self":[{"href":"https:\/\/www.hovawart-freunde.de\/index.php?rest_route=\/wp\/v2\/pages\/67"}],"collection":[{"href":"https:\/\/www.hovawart-freunde.de\/index.php?rest_route=\/wp\/v2\/pages"}],"about":[{"href":"https:\/\/www.hovawart-freunde.de\/index.php?rest_route=\/wp\/v2\/types\/page"}],"author":[{"embeddable":true,"href":"https:\/\/www.hovawart-freunde.de\/index.php?rest_route=\/wp\/v2\/users\/1"}],"replies":[{"embeddable":true,"href":"https:\/\/www.hovawart-freunde.de\/index.php?rest_route=%2Fwp%2Fv2%2Fcomments&post=67"}],"version-history":[{"count":34,"href":"https:\/\/www.hovawart-freunde.de\/index.php?rest_route=\/wp\/v2\/pages\/67\/revisions"}],"predecessor-version":[{"id":3750,"href":"https:\/\/www.hovawart-freunde.de\/index.php?rest_route=\/wp\/v2\/pages\/67\/revisions\/3750"}],"wp:attachment":[{"href":"https:\/\/www.hovawart-freunde.de\/index.php?rest_route=%2Fwp%2Fv2%2Fmedia&parent=67"}],"curies":[{"name":"wp","href":"https:\/\/api.w.org\/{rel}","templated":true}]}}